{"id":213,"date":"2020-12-17T09:14:37","date_gmt":"2020-12-17T09:14:37","guid":{"rendered":"https:\/\/gaviaspreview.com\/wp\/kitecx\/apartment\/"},"modified":"2026-03-23T00:10:14","modified_gmt":"2026-03-23T00:10:14","slug":"our-team","status":"publish","type":"page","link":"https:\/\/martinezmoraarq.com\/en\/our-team\/","title":{"rendered":"Our Team"},"content":{"rendered":"<div data-elementor-type=\"wp-page\" data-elementor-id=\"213\" class=\"elementor elementor-213\" data-elementor-post-type=\"page\">\n\t\t\t\t\t\t<section class=\"elementor-section elementor-top-section elementor-element elementor-element-ebf3d7a elementor-section-boxed elementor-section-height-default elementor-section-height-default row-top wpr-particle-no wpr-jarallax-no wpr-parallax-no wpr-sticky-section-no wpr-equal-height-no\" data-id=\"ebf3d7a\" data-element_type=\"section\" data-e-type=\"section\">\n\t\t\t\t\t\t<div class=\"elementor-container elementor-column-gap-default\">\n\t\t\t\t\t<div class=\"elementor-column elementor-col-50 elementor-top-column elementor-element elementor-element-42038d4 column-style-top\" data-id=\"42038d4\" data-element_type=\"column\" data-e-type=\"column\">\n\t\t\t<div class=\"elementor-widget-wrap elementor-element-populated\">\n\t\t\t\t\t\t<section class=\"elementor-section elementor-inner-section elementor-element elementor-element-aa49c35 elementor-section-boxed elementor-section-height-default elementor-section-height-default row-top wpr-particle-no wpr-jarallax-no wpr-parallax-no wpr-sticky-section-no wpr-equal-height-no\" data-id=\"aa49c35\" data-element_type=\"section\" data-e-type=\"section\">\n\t\t\t\t\t\t<div class=\"elementor-container elementor-column-gap-default\">\n\t\t\t\t\t<div class=\"elementor-column elementor-col-50 elementor-inner-column elementor-element elementor-element-4a4341b column-style-top\" data-id=\"4a4341b\" data-element_type=\"column\" data-e-type=\"column\">\n\t\t\t<div class=\"elementor-widget-wrap elementor-element-populated\">\n\t\t\t\t\t\t<div class=\"elementor-element elementor-element-324e6cb2 wpr-team-member-divider-center elementor-widget elementor-widget-wpr-team-member\" data-id=\"324e6cb2\" data-element_type=\"widget\" data-e-type=\"widget\" data-widget_type=\"wpr-team-member.default\">\n\t\t\t\t\t\n\t<div class=\"wpr-team-member\">\n\t\t\t\t\t\n\t\t\t<div class=\"wpr-member-media\">\n\t\t\t\t<div class=\"wpr-member-image\">\n\t\t\t\t\t<img decoding=\"async\" src=\"https:\/\/martinezmoraarq.com\/wp-content\/uploads\/2026\/03\/US_Ignacio_BYN.jpeg\" alt=\"IGNACIO MART\u00cdNEZ MORA\">\n\t\t\t\t<\/div>\n\t\t\t\t\t\t\t<\/div>\n\t\t\t\t\n\t\t\n\t\t<div class=\"wpr-member-content\">\n\t\t\t<h3 class=\"wpr-member-name\">IGNACIO MART\u00cdNEZ MORA<\/h3>\n\t\t\t\t\t\t\t<div class=\"wpr-member-divider\"><\/div>\n\t\t\t\n\t\t\t\t\t\t\t<div class=\"wpr-member-job\">Arquitecto - Founder<\/div>\n\t\t\t\n\t\t\t\n\t\t\t\t\t\t\t<div class=\"wpr-member-description\">Lidera la visi\u00f3n de dise\u00f1o y el modelado BIM. Combina la precisi\u00f3n tecnol\u00f3gica con una arquitectura funcional, asegurando que cada proyecto nazca siendo cien por ciento ejecutable, controlable y sin margen para la improvisaci\u00f3n.<\/div>\n\t\t\t\t\t\t\n\t\t\t\t\t<\/div>\n\n\t\t\t<\/div>\n\n\t\t\t\t\t<\/div>\n\t\t\t\t\t<\/div>\n\t\t<\/div>\n\t\t\t\t<div class=\"elementor-column elementor-col-50 elementor-inner-column elementor-element elementor-element-556a545 column-style-top\" data-id=\"556a545\" data-element_type=\"column\" data-e-type=\"column\">\n\t\t\t<div class=\"elementor-widget-wrap elementor-element-populated\">\n\t\t\t\t\t\t<div class=\"elementor-element elementor-element-8cb3696 wpr-team-member-divider-center elementor-widget elementor-widget-wpr-team-member\" data-id=\"8cb3696\" data-element_type=\"widget\" data-e-type=\"widget\" data-widget_type=\"wpr-team-member.default\">\n\t\t\t\t\t\n\t<div class=\"wpr-team-member\">\n\t\t\t\t\t\n\t\t\t<div class=\"wpr-member-media\">\n\t\t\t\t<div class=\"wpr-member-image\">\n\t\t\t\t\t<img decoding=\"async\" src=\"https:\/\/martinezmoraarq.com\/wp-content\/uploads\/2026\/03\/US_Mauricio_BYN.jpg\" alt=\"MAURICIO MART\u00cdNEZ DI RAGO\">\n\t\t\t\t<\/div>\n\t\t\t\t\t\t\t<\/div>\n\t\t\t\t\n\t\t\n\t\t<div class=\"wpr-member-content\">\n\t\t\t<h3 class=\"wpr-member-name\">MAURICIO MART\u00cdNEZ DI RAGO<\/h3>\n\t\t\t\t\t\t\t<div class=\"wpr-member-divider\"><\/div>\n\t\t\t\n\t\t\t\t\t\t\t<div class=\"wpr-member-job\">Project Manager - CEO Founder<\/div>\n\t\t\t\n\t\t\t\n\t\t\t\t\t\t\t<div class=\"wpr-member-description\">Aporta m\u00e1s de 30 a\u00f1os de experiencia dirigiendo obras complejas de gran escala y edificios. Su liderazgo es la garant\u00eda de control total sobre los riesgos, la coordinaci\u00f3n de rubros.<\/div>\n\t\t\t\t\t\t\n\t\t\t\t\t<\/div>\n\n\t\t\t<\/div>\n\n\t\t\t\t\t<\/div>\n\t\t\t\t\t<\/div>\n\t\t<\/div>\n\t\t\t\t\t<\/div>\n\t\t<\/section>\n\t\t\t\t\t<\/div>\n\t\t<\/div>\n\t\t\t\t<div class=\"elementor-column elementor-col-50 elementor-top-column elementor-element elementor-element-c27b867 column-style-top\" data-id=\"c27b867\" data-element_type=\"column\" data-e-type=\"column\">\n\t\t\t<div class=\"elementor-widget-wrap elementor-element-populated\">\n\t\t\t\t\t\t<div class=\"elementor-element elementor-element-41965470 elementor-widget-tablet__width-initial elementor-widget elementor-widget-gva-image-content\" data-id=\"41965470\" data-element_type=\"widget\" data-e-type=\"widget\" data-widget_type=\"gva-image-content.default\">\n\t\t\t\t<div class=\"elementor-widget-container\">\n\t\t\t\t\t<div class=\"gva-element-gva-image-content gva-element\">\t\t\r\n\t  \r\n\t \r\n\t \r\n\r\n\t\r\n \r\n\r\n  \r\n\r\n  <div class=\"gsc-image-content skin-v6\">\r\n\t <div class=\"box-content\">\r\n\t \t<div class=\"content-inner\">\r\n\t\t\t\t\t\t\t<h2 class=\"title\">\r\n\t\t\t\t\t\t\t  <a href=\"https:\/\/martinezmoraarq.com\/en\/contacto\/\">\r\n\t\t\t ALIANZA ESTRAT\u00c9GICA\t\t  <\/a>\r\n\t\t  \t\t\t\t<\/h2>\r\n\t\t\t\t\t\t<div class=\"desc\">Para que tu proyecto sea un \u00e9xito, no basta con saber construir; hay que entender el negocio. Trabajamos junto a un equipo inmobiliario con m\u00e1s de 60 a\u00f1os de trayectoria para maximizar el valor y la rentabilidad de tu inversi\u00f3n.\n<p class=\"medium\">+598 094 248 488<\/p><\/div>\r\n\t\t\t\t\t\t  <div class=\"read-more\">\r\n\t\t\t\t \t\t  <a href=\"https:\/\/martinezmoraarq.com\/en\/contacto\/\" class=\"btn-white\">\r\n\t\t\t <span>Read More<\/span>\t\t  <\/a>\r\n\t\t  \t\t\t  <\/div>\r\n\t\t\t\t\t<\/div>\r\n\t\t\t\t\t<span class=\"bg-image\" style=\"background-image:url('https:\/\/martinezmoraarq.com\/wp-content\/plugins\/kitecx-themer\/elementor\/assets\/images\/image-1.jpg')\"><\/span>\r\n\t\t\t <\/div>  \r\n  <\/div>\r\n \r\n\r\n <\/div>\t\t\t\t<\/div>\n\t\t\t\t<\/div>\n\t\t\t\t\t<\/div>\n\t\t<\/div>\n\t\t\t\t\t<\/div>\n\t\t<\/section>\n\t\t\t\t<\/div>","protected":false},"excerpt":{"rendered":"<p>IGNACIO MART\u00cdNEZ MORA Arquitecto &#8211; Founder Lidera la visi\u00f3n de dise\u00f1o y el modelado BIM. Combina la precisi\u00f3n tecnol\u00f3gica con una arquitectura funcional, asegurando que cada proyecto nazca siendo cien por ciento ejecutable, controlable y sin margen para la improvisaci\u00f3n. MAURICIO MART\u00cdNEZ DI RAGO Project Manager &#8211; CEO Founder Aporta m\u00e1s de 30 a\u00f1os de experiencia dirigiendo obras complejas de gran escala y edificios. Su liderazgo es la garant\u00eda de control total sobre los riesgos, la coordinaci\u00f3n de rubros. ALIANZA ESTRAT\u00c9GICA Para que tu proyecto sea un \u00e9xito, no basta con saber construir; hay que entender el negocio. Trabajamos junto a un equipo inmobiliario con m\u00e1s de 60 a\u00f1os de trayectoria para maximizar el valor y la rentabilidad de tu inversi\u00f3n. +598 094 248 488 Read More<\/p>","protected":false},"author":1,"featured_media":0,"parent":0,"menu_order":0,"comment_status":"closed","ping_status":"closed","template":"","meta":{"_joinchat":[],"footnotes":""},"class_list":["post-213","page","type-page","status-publish","hentry"],"yoast_head":"<!-- This site is optimized with the Yoast SEO plugin v27.5 - https:\/\/yoast.com\/product\/yoast-seo-wordpress\/ -->\n<title>Our Team - Mart\u00ednez Mora Arquitectura<\/title>\n<meta name=\"robots\" content=\"index, follow, max-snippet:-1, max-image-preview:large, max-video-preview:-1\" \/>\n<link rel=\"canonical\" href=\"https:\/\/martinezmoraarq.com\/en\/our-team\/\" \/>\n<meta property=\"og:locale\" content=\"en_US\" \/>\n<meta property=\"og:type\" content=\"article\" \/>\n<meta property=\"og:title\" content=\"Our Team - Mart\u00ednez Mora Arquitectura\" \/>\n<meta property=\"og:description\" content=\"IGNACIO MART\u00cdNEZ MORA Arquitecto &#8211; Founder Lidera la visi\u00f3n de dise\u00f1o y el modelado BIM. Combina la precisi\u00f3n tecnol\u00f3gica con una arquitectura funcional, asegurando que cada proyecto nazca siendo cien por ciento ejecutable, controlable y sin margen para la improvisaci\u00f3n. MAURICIO MART\u00cdNEZ DI RAGO Project Manager &#8211; CEO Founder Aporta m\u00e1s de 30 a\u00f1os de experiencia dirigiendo obras complejas de gran escala y edificios. Su liderazgo es la garant\u00eda de control total sobre los riesgos, la coordinaci\u00f3n de rubros. ALIANZA ESTRAT\u00c9GICA Para que tu proyecto sea un \u00e9xito, no basta con saber construir; hay que entender el negocio. Trabajamos junto a un equipo inmobiliario con m\u00e1s de 60 a\u00f1os de trayectoria para maximizar el valor y la rentabilidad de tu inversi\u00f3n. +598 094 248 488 Read More\" \/>\n<meta property=\"og:url\" content=\"https:\/\/martinezmoraarq.com\/en\/our-team\/\" \/>\n<meta property=\"og:site_name\" content=\"Mart\u00ednez Mora Arquitectura\" \/>\n<meta property=\"article:publisher\" content=\"https:\/\/www.facebook.com\/profile.php?id=61583675264729\" \/>\n<meta property=\"article:modified_time\" content=\"2026-03-23T00:10:14+00:00\" \/>\n<meta property=\"og:image\" content=\"https:\/\/martinezmoraarq.com\/wp-content\/uploads\/2026\/03\/US_Ignacio_BYN.jpeg\" \/>\n<meta name=\"twitter:card\" content=\"summary_large_image\" \/>\n<meta name=\"twitter:label1\" content=\"Est. reading time\" \/>\n\t<meta name=\"twitter:data1\" content=\"1 minute\" \/>\n<script type=\"application\/ld+json\" class=\"yoast-schema-graph\">{\"@context\":\"https:\\\/\\\/schema.org\",\"@graph\":[{\"@type\":\"WebPage\",\"@id\":\"https:\\\/\\\/martinezmoraarq.com\\\/our-team\\\/\",\"url\":\"https:\\\/\\\/martinezmoraarq.com\\\/our-team\\\/\",\"name\":\"Our Team - Mart\u00ednez Mora Arquitectura\",\"isPartOf\":{\"@id\":\"https:\\\/\\\/martinezmoraarq.com\\\/#website\"},\"primaryImageOfPage\":{\"@id\":\"https:\\\/\\\/martinezmoraarq.com\\\/our-team\\\/#primaryimage\"},\"image\":{\"@id\":\"https:\\\/\\\/martinezmoraarq.com\\\/our-team\\\/#primaryimage\"},\"thumbnailUrl\":\"https:\\\/\\\/martinezmoraarq.com\\\/wp-content\\\/uploads\\\/2026\\\/03\\\/US_Ignacio_BYN.jpeg\",\"datePublished\":\"2020-12-17T09:14:37+00:00\",\"dateModified\":\"2026-03-23T00:10:14+00:00\",\"breadcrumb\":{\"@id\":\"https:\\\/\\\/martinezmoraarq.com\\\/our-team\\\/#breadcrumb\"},\"inLanguage\":\"en-US\",\"potentialAction\":[{\"@type\":\"ReadAction\",\"target\":[\"https:\\\/\\\/martinezmoraarq.com\\\/our-team\\\/\"]}]},{\"@type\":\"ImageObject\",\"inLanguage\":\"en-US\",\"@id\":\"https:\\\/\\\/martinezmoraarq.com\\\/our-team\\\/#primaryimage\",\"url\":\"https:\\\/\\\/martinezmoraarq.com\\\/wp-content\\\/uploads\\\/2026\\\/03\\\/US_Ignacio_BYN.jpeg\",\"contentUrl\":\"https:\\\/\\\/martinezmoraarq.com\\\/wp-content\\\/uploads\\\/2026\\\/03\\\/US_Ignacio_BYN.jpeg\"},{\"@type\":\"BreadcrumbList\",\"@id\":\"https:\\\/\\\/martinezmoraarq.com\\\/our-team\\\/#breadcrumb\",\"itemListElement\":[{\"@type\":\"ListItem\",\"position\":1,\"name\":\"Portada\",\"item\":\"https:\\\/\\\/martinezmoraarq.com\\\/\"},{\"@type\":\"ListItem\",\"position\":2,\"name\":\"Our Team\"}]},{\"@type\":\"WebSite\",\"@id\":\"https:\\\/\\\/martinezmoraarq.com\\\/#website\",\"url\":\"https:\\\/\\\/martinezmoraarq.com\\\/\",\"name\":\"Mart\u00ednez Mora Arquitectura\",\"description\":\"\",\"publisher\":{\"@id\":\"https:\\\/\\\/martinezmoraarq.com\\\/#organization\"},\"potentialAction\":[{\"@type\":\"SearchAction\",\"target\":{\"@type\":\"EntryPoint\",\"urlTemplate\":\"https:\\\/\\\/martinezmoraarq.com\\\/?s={search_term_string}\"},\"query-input\":{\"@type\":\"PropertyValueSpecification\",\"valueRequired\":true,\"valueName\":\"search_term_string\"}}],\"inLanguage\":\"en-US\"},{\"@type\":\"Organization\",\"@id\":\"https:\\\/\\\/martinezmoraarq.com\\\/#organization\",\"name\":\"Mart\u00ednez Mora Arquitectura\",\"url\":\"https:\\\/\\\/martinezmoraarq.com\\\/\",\"logo\":{\"@type\":\"ImageObject\",\"inLanguage\":\"en-US\",\"@id\":\"https:\\\/\\\/martinezmoraarq.com\\\/#\\\/schema\\\/logo\\\/image\\\/\",\"url\":\"https:\\\/\\\/martinezmoraarq.com\\\/wp-content\\\/uploads\\\/2020\\\/12\\\/Diseno-sin-titulo-4.jpg\",\"contentUrl\":\"https:\\\/\\\/martinezmoraarq.com\\\/wp-content\\\/uploads\\\/2020\\\/12\\\/Diseno-sin-titulo-4.jpg\",\"width\":720,\"height\":250,\"caption\":\"Mart\u00ednez Mora Arquitectura\"},\"image\":{\"@id\":\"https:\\\/\\\/martinezmoraarq.com\\\/#\\\/schema\\\/logo\\\/image\\\/\"},\"sameAs\":[\"https:\\\/\\\/www.facebook.com\\\/profile.php?id=61583675264729\"]}]}<\/script>\n<!-- \/ Yoast SEO plugin. -->","yoast_head_json":{"title":"Our Team - Mart\u00ednez Mora Arquitectura","robots":{"index":"index","follow":"follow","max-snippet":"max-snippet:-1","max-image-preview":"max-image-preview:large","max-video-preview":"max-video-preview:-1"},"canonical":"https:\/\/martinezmoraarq.com\/en\/our-team\/","og_locale":"en_US","og_type":"article","og_title":"Our Team - Mart\u00ednez Mora Arquitectura","og_description":"IGNACIO MART\u00cdNEZ MORA Arquitecto &#8211; Founder Lidera la visi\u00f3n de dise\u00f1o y el modelado BIM. Combina la precisi\u00f3n tecnol\u00f3gica con una arquitectura funcional, asegurando que cada proyecto nazca siendo cien por ciento ejecutable, controlable y sin margen para la improvisaci\u00f3n. MAURICIO MART\u00cdNEZ DI RAGO Project Manager &#8211; CEO Founder Aporta m\u00e1s de 30 a\u00f1os de experiencia dirigiendo obras complejas de gran escala y edificios. Su liderazgo es la garant\u00eda de control total sobre los riesgos, la coordinaci\u00f3n de rubros. ALIANZA ESTRAT\u00c9GICA Para que tu proyecto sea un \u00e9xito, no basta con saber construir; hay que entender el negocio. Trabajamos junto a un equipo inmobiliario con m\u00e1s de 60 a\u00f1os de trayectoria para maximizar el valor y la rentabilidad de tu inversi\u00f3n. +598 094 248 488 Read More","og_url":"https:\/\/martinezmoraarq.com\/en\/our-team\/","og_site_name":"Mart\u00ednez Mora Arquitectura","article_publisher":"https:\/\/www.facebook.com\/profile.php?id=61583675264729","article_modified_time":"2026-03-23T00:10:14+00:00","og_image":[{"url":"https:\/\/martinezmoraarq.com\/wp-content\/uploads\/2026\/03\/US_Ignacio_BYN.jpeg","type":"","width":"","height":""}],"twitter_card":"summary_large_image","twitter_misc":{"Est. reading time":"1 minute"},"schema":{"@context":"https:\/\/schema.org","@graph":[{"@type":"WebPage","@id":"https:\/\/martinezmoraarq.com\/our-team\/","url":"https:\/\/martinezmoraarq.com\/our-team\/","name":"Our Team - Mart\u00ednez Mora Arquitectura","isPartOf":{"@id":"https:\/\/martinezmoraarq.com\/#website"},"primaryImageOfPage":{"@id":"https:\/\/martinezmoraarq.com\/our-team\/#primaryimage"},"image":{"@id":"https:\/\/martinezmoraarq.com\/our-team\/#primaryimage"},"thumbnailUrl":"https:\/\/martinezmoraarq.com\/wp-content\/uploads\/2026\/03\/US_Ignacio_BYN.jpeg","datePublished":"2020-12-17T09:14:37+00:00","dateModified":"2026-03-23T00:10:14+00:00","breadcrumb":{"@id":"https:\/\/martinezmoraarq.com\/our-team\/#breadcrumb"},"inLanguage":"en-US","potentialAction":[{"@type":"ReadAction","target":["https:\/\/martinezmoraarq.com\/our-team\/"]}]},{"@type":"ImageObject","inLanguage":"en-US","@id":"https:\/\/martinezmoraarq.com\/our-team\/#primaryimage","url":"https:\/\/martinezmoraarq.com\/wp-content\/uploads\/2026\/03\/US_Ignacio_BYN.jpeg","contentUrl":"https:\/\/martinezmoraarq.com\/wp-content\/uploads\/2026\/03\/US_Ignacio_BYN.jpeg"},{"@type":"BreadcrumbList","@id":"https:\/\/martinezmoraarq.com\/our-team\/#breadcrumb","itemListElement":[{"@type":"ListItem","position":1,"name":"Portada","item":"https:\/\/martinezmoraarq.com\/"},{"@type":"ListItem","position":2,"name":"Our Team"}]},{"@type":"WebSite","@id":"https:\/\/martinezmoraarq.com\/#website","url":"https:\/\/martinezmoraarq.com\/","name":"Mart\u00ednez Mora Arquitectura","description":"","publisher":{"@id":"https:\/\/martinezmoraarq.com\/#organization"},"potentialAction":[{"@type":"SearchAction","target":{"@type":"EntryPoint","urlTemplate":"https:\/\/martinezmoraarq.com\/?s={search_term_string}"},"query-input":{"@type":"PropertyValueSpecification","valueRequired":true,"valueName":"search_term_string"}}],"inLanguage":"en-US"},{"@type":"Organization","@id":"https:\/\/martinezmoraarq.com\/#organization","name":"Mart\u00ednez Mora Arquitectura","url":"https:\/\/martinezmoraarq.com\/","logo":{"@type":"ImageObject","inLanguage":"en-US","@id":"https:\/\/martinezmoraarq.com\/#\/schema\/logo\/image\/","url":"https:\/\/martinezmoraarq.com\/wp-content\/uploads\/2020\/12\/Diseno-sin-titulo-4.jpg","contentUrl":"https:\/\/martinezmoraarq.com\/wp-content\/uploads\/2020\/12\/Diseno-sin-titulo-4.jpg","width":720,"height":250,"caption":"Mart\u00ednez Mora Arquitectura"},"image":{"@id":"https:\/\/martinezmoraarq.com\/#\/schema\/logo\/image\/"},"sameAs":["https:\/\/www.facebook.com\/profile.php?id=61583675264729"]}]}},"_hostinger_reach_plugin_has_subscription_block":false,"_hostinger_reach_plugin_is_elementor":false,"_links":{"self":[{"href":"https:\/\/martinezmoraarq.com\/en\/wp-json\/wp\/v2\/pages\/213","targetHints":{"allow":["GET"]}}],"collection":[{"href":"https:\/\/martinezmoraarq.com\/en\/wp-json\/wp\/v2\/pages"}],"about":[{"href":"https:\/\/martinezmoraarq.com\/en\/wp-json\/wp\/v2\/types\/page"}],"author":[{"embeddable":true,"href":"https:\/\/martinezmoraarq.com\/en\/wp-json\/wp\/v2\/users\/1"}],"replies":[{"embeddable":true,"href":"https:\/\/martinezmoraarq.com\/en\/wp-json\/wp\/v2\/comments?post=213"}],"version-history":[{"count":12,"href":"https:\/\/martinezmoraarq.com\/en\/wp-json\/wp\/v2\/pages\/213\/revisions"}],"predecessor-version":[{"id":1053,"href":"https:\/\/martinezmoraarq.com\/en\/wp-json\/wp\/v2\/pages\/213\/revisions\/1053"}],"wp:attachment":[{"href":"https:\/\/martinezmoraarq.com\/en\/wp-json\/wp\/v2\/media?parent=213"}],"curies":[{"name":"wp","href":"https:\/\/api.w.org\/{rel}","templated":true}]}}